{"id":7,"date":"2026-02-18T13:52:01","date_gmt":"2026-02-18T13:52:01","guid":{"rendered":"https:\/\/agmproprete.com\/?page_id=7"},"modified":"2026-03-24T11:02:49","modified_gmt":"2026-03-24T11:02:49","slug":"accueil","status":"publish","type":"page","link":"https:\/\/agmproprete.com\/","title":{"rendered":"Accueil"},"content":{"rendered":"\n<div style=\"height:66px\" aria-hidden=\"true\" class=\"wp-block-spacer\"><\/div>\n\n\n\n<p class=\"has-text-align-center has-neve-link-hover-color-color has-text-color has-link-color wp-elements-ce02c88a88995ae5c8b358eec41ea2f3\">Situ\u00e9e \u00e0 Ollioules dans le Var, <strong>AGM PROPRETE<\/strong> vous propose des services de nettoyage professionnels destin\u00e9s aussi bien aux entreprises qu&rsquo;aux particuliers. Notre mission est simple : vous offrir des espaces propres, sains et agr\u00e9ables \u00e0 vivre ou \u00e0 travailler, gr\u00e2ce \u00e0 des prestations fiables, efficaces et adapt\u00e9es \u00e0 vos besoins.<\/p>\n\n\n\n<div id=\"wp-block-themeisle-blocks-button-group-83a76b2f\" class=\"wp-block-themeisle-blocks-button-group wp-block-buttons align-center-desktop\">\n<div id=\"wp-block-themeisle-blocks-button-f10a3c47\" class=\"wp-block-themeisle-blocks-button wp-block-button\"><a href=\"https:\/\/agmproprete.com\/index.php\/contact\/\" target=\"_self\" rel=\"noopener noreferrer\" class=\"wp-block-button__link\"><span>Demander un devis<\/span><\/a><\/div>\n<\/div>\n\n\n\n<div style=\"height:66px\" aria-hidden=\"true\" class=\"wp-block-spacer\"><\/div>\n\n\n\n<h3 class=\"wp-block-heading has-text-align-center has-neve-link-hover-color-color has-text-color has-link-color wp-elements-ddc1820dd412793e686abc53bbe71b29\">Pourquoi nous choisir ?<\/h3>\n\n\n\n<div style=\"height:46px\" aria-hidden=\"true\" class=\"wp-block-spacer\"><\/div>\n\n\n\n<div class=\"wp-block-columns animated backInRight is-layout-flex wp-container-core-columns-is-layout-9d6595d7 wp-block-columns-is-layout-flex\">\n<div class=\"wp-block-column is-layout-flow wp-block-column-is-layout-flow\">\n<div id=\"wp-block-themeisle-blocks-font-awesome-icons-e7f9749a\" class=\"wp-block-themeisle-blocks-font-awesome-icons\"><span class=\"wp-block-themeisle-blocks-font-awesome-icons-container\"><i class=\"fas fa-user-tie\"><\/i><\/span><\/div>\n\n\n\n<p class=\"has-text-align-center has-neve-link-hover-color-color has-text-color has-link-color wp-elements-f5b465a06dad62da6c8a86aae485f3be\">Un interlocuteur privil\u00e9gi\u00e9<\/p>\n<\/div>\n\n\n\n<div class=\"wp-block-column is-layout-flow wp-block-column-is-layout-flow\">\n<div id=\"wp-block-themeisle-blocks-font-awesome-icons-ca8df392\" class=\"wp-block-themeisle-blocks-font-awesome-icons\"><span class=\"wp-block-themeisle-blocks-font-awesome-icons-container\"><i class=\"fas fa-check\"><\/i><\/span><\/div>\n\n\n\n<p class=\"has-text-align-center has-neve-link-hover-color-color has-text-color has-link-color wp-elements-025ba05b17e5cf8f011429af94fb30fa\">Une qualit\u00e9 soign\u00e9e<\/p>\n<\/div>\n\n\n\n<div class=\"wp-block-column is-layout-flow wp-block-column-is-layout-flow\">\n<div id=\"wp-block-themeisle-blocks-font-awesome-icons-5018bf9f\" class=\"wp-block-themeisle-blocks-font-awesome-icons\"><span class=\"wp-block-themeisle-blocks-font-awesome-icons-container\"><i class=\"fas fa-euro-sign\"><\/i><\/span><\/div>\n\n\n\n<p class=\"has-text-align-center has-neve-link-hover-color-color has-text-color has-link-color wp-elements-93102db80831d7581f5a70767686a314\">La ma\u00eetrise de votre budget<\/p>\n<\/div>\n\n\n\n<div class=\"wp-block-column is-layout-flow wp-block-column-is-layout-flow\">\n<div id=\"wp-block-themeisle-blocks-font-awesome-icons-fdee7244\" class=\"wp-block-themeisle-blocks-font-awesome-icons\"><span class=\"wp-block-themeisle-blocks-font-awesome-icons-container\"><i class=\"fas fa-unlock\"><\/i><\/span><\/div>\n\n\n\n<p class=\"has-text-align-center has-neve-link-hover-color-color has-text-color has-link-color wp-elements-6d6c0a9db74865b4697d68b902874412\">Aucun engagement<\/p>\n<\/div>\n\n\n\n<div class=\"wp-block-column is-layout-flow wp-block-column-is-layout-flow\">\n<div id=\"wp-block-themeisle-blocks-font-awesome-icons-092b3b1d\" class=\"wp-block-themeisle-blocks-font-awesome-icons\"><span class=\"wp-block-themeisle-blocks-font-awesome-icons-container\"><i class=\"fas fa-leaf\"><\/i><\/span><\/div>\n\n\n\n<p class=\"has-text-align-center has-neve-link-hover-color-color has-text-color has-link-color wp-elements-5e8dda0e1d3deb473a76dc6e891b6e11\">Nettoyage \u00e9cologique<\/p>\n<\/div>\n<\/div>\n\n\n\n<div class=\"wp-block-cover alignfull\" style=\"min-height:1122px;aspect-ratio:unset;\"><span aria-hidden=\"true\" class=\"wp-block-cover__background has-nv-site-bg-background-color has-background-dim-80 has-background-dim\"><\/span><div class=\"wp-block-cover__inner-container is-layout-flow wp-block-cover-is-layout-flow\">\n<div class=\"wp-block-group\"><div class=\"wp-block-group__inner-container is-layout-flow wp-block-group-is-layout-flow\">\n<div class=\"wp-block-columns is-layout-flex wp-container-core-columns-is-layout-9d6595d7 wp-block-columns-is-layout-flex\">\n<div class=\"wp-block-column is-layout-flow wp-block-column-is-layout-flow\" style=\"padding-right:0;padding-left:0;flex-basis:20%\">\n<div class=\"wp-block-group is-vertical is-content-justification-center is-layout-flex wp-container-core-group-is-layout-4b2eccd6 wp-block-group-is-layout-flex\"><\/div>\n<\/div>\n\n\n\n<div class=\"wp-block-column is-layout-flow wp-block-column-is-layout-flow\" style=\"flex-basis:60%\">\n<div class=\"wp-block-group has-nv-site-bg-color has-nv-site-bg-background-color has-text-color has-background has-link-color wp-elements-dac8c32017e94d4d52438dc6b4a45789 is-vertical is-content-justification-center is-layout-flex wp-container-core-group-is-layout-4b2eccd6 wp-block-group-is-layout-flex\">\n<h3 class=\"wp-block-heading has-nv-site-bg-color has-text-color has-link-color wp-elements-aafa6e65e56e20d00fbc141ff0f93232\"><strong>D\u00e9couvrez nos prestations !<\/strong><\/h3>\n\n\n\n<h3 class=\"wp-block-heading has-text-align-center has-neve-link-hover-color-color has-text-color has-link-color wp-elements-e64a50a4ba9b83c96388b3b5b5eaaee9\">Nos prestations<\/h3>\n\n\n\n<p class=\"has-text-align-center has-neve-link-hover-color-color has-text-color has-link-color wp-elements-46748b579798754db5c65925cc476a6b\"><strong>AGM propret\u00e9 est une entreprise familiale sp\u00e9cialis\u00e9e dans le nettoyage professionnel et le nettoyage en profondeur des textiles.<\/strong><\/p>\n\n\n\n<p class=\"has-text-align-center has-neve-link-hover-color-color has-nv-site-bg-background-color has-text-color has-background has-link-color wp-elements-dbab5e4e5926fdaa6c6023c8b9d19474\">Nous travaillons en famille avec une exigence simple : offrir un service s\u00e9rieux, soign\u00e9 et humain, que ce soit pour un particulier ou pour une entreprise.<\/p>\n\n\n\n<div style=\"height:47px\" aria-hidden=\"true\" class=\"wp-block-spacer wp-container-content-b0964dc8\"><\/div>\n\n\n\n<div style=\"height:0px\" aria-hidden=\"true\" class=\"wp-block-spacer wp-container-content-541a6b20\"><\/div>\n<\/div>\n<\/div>\n\n\n\n<div class=\"wp-block-column is-layout-flow wp-block-column-is-layout-flow\" style=\"flex-basis:20%\">\n<div class=\"wp-block-group is-vertical is-content-justification-center is-layout-flex wp-container-core-group-is-layout-4b2eccd6 wp-block-group-is-layout-flex\"><\/div>\n<\/div>\n<\/div>\n\n\n\n<div class=\"wp-block-columns are-vertically-aligned-center is-layout-flex wp-container-core-columns-is-layout-9d6595d7 wp-block-columns-is-layout-flex\">\n<div class=\"wp-block-column is-vertically-aligned-center is-layout-flow wp-block-column-is-layout-flow\" style=\"padding-right:var(--wp--preset--spacing--30);padding-left:var(--wp--preset--spacing--30);flex-basis:50%\">\n<h3 class=\"wp-block-heading has-text-align-center has-neve-link-hover-color-color has-text-color\"><a href=\"https:\/\/agmproprete.com\/index.php\/particuliers\/\">PARTICULIERS<\/a><\/h3>\n\n\n<div class=\"wp-block-image\">\n<figure class=\"aligncenter size-full has-custom-border\"><a href=\"https:\/\/agmproprete.com\/index.php\/particuliers\/\"><img loading=\"lazy\" decoding=\"async\" width=\"500\" height=\"500\" src=\"https:\/\/agmproprete.com\/wp-content\/uploads\/2026\/03\/7.png\" alt=\"\" class=\"wp-image-230\" style=\"border-radius:16px\" srcset=\"https:\/\/agmproprete.com\/wp-content\/uploads\/2026\/03\/7.png 500w, https:\/\/agmproprete.com\/wp-content\/uploads\/2026\/03\/7-300x300.png 300w, https:\/\/agmproprete.com\/wp-content\/uploads\/2026\/03\/7-150x150.png 150w\" sizes=\"auto, (max-width: 500px) 100vw, 500px\" \/><\/a><\/figure>\n<\/div>\n\n\n<div style=\"height:24px\" aria-hidden=\"true\" class=\"wp-block-spacer\"><\/div>\n<\/div>\n\n\n\n<div class=\"wp-block-column is-vertically-aligned-center is-layout-flow wp-block-column-is-layout-flow\" style=\"padding-right:var(--wp--preset--spacing--30);padding-left:var(--wp--preset--spacing--30);flex-basis:50%\">\n<h3 class=\"wp-block-heading has-text-align-center has-neve-link-hover-color-color has-text-color\"><a href=\"https:\/\/agmproprete.com\/index.php\/entreprises\/\">ENTREPRISES<\/a><\/h3>\n\n\n<div class=\"wp-block-image\">\n<figure class=\"aligncenter size-full has-custom-border\"><a href=\"https:\/\/agmproprete.com\/index.php\/entreprises\/\"><img loading=\"lazy\" decoding=\"async\" width=\"500\" height=\"500\" src=\"https:\/\/agmproprete.com\/wp-content\/uploads\/2026\/03\/8.png\" alt=\"\" class=\"wp-image-231\" style=\"border-radius:16px\" srcset=\"https:\/\/agmproprete.com\/wp-content\/uploads\/2026\/03\/8.png 500w, https:\/\/agmproprete.com\/wp-content\/uploads\/2026\/03\/8-300x300.png 300w, https:\/\/agmproprete.com\/wp-content\/uploads\/2026\/03\/8-150x150.png 150w\" sizes=\"auto, (max-width: 500px) 100vw, 500px\" \/><\/a><\/figure>\n<\/div>\n\n\n<div style=\"height:24px\" aria-hidden=\"true\" class=\"wp-block-spacer\"><\/div>\n<\/div>\n<\/div>\n<\/div><\/div>\n<\/div><\/div>\n\n\n\n<div style=\"height:50px\" aria-hidden=\"true\" class=\"wp-block-spacer\"><\/div>\n\n\n\n<h2 class=\"wp-block-heading has-text-align-center has-neve-link-hover-color-color has-text-color has-link-color wp-elements-de11ba7a732d41a70f547bdcb47117a6\">Ils nous font confiance&#8230;<\/h2>\n\n\n\n<div style=\"height:49px\" aria-hidden=\"true\" class=\"wp-block-spacer\"><\/div>\n\n\n\n<div class=\"wp-block-cover alignfull has-nv-text-dark-bg-color has-text-color has-link-color wp-elements-45484fb0db8f7e6d5ee15935efd22e77\" style=\"min-height:323px;aspect-ratio:unset;\"><span aria-hidden=\"true\" class=\"wp-block-cover__background has-neve-link-hover-color-background-color has-background-dim-100 has-background-dim\"><\/span><div class=\"wp-block-cover__inner-container is-layout-flow wp-block-cover-is-layout-flow\">\n<div class=\"wp-block-columns is-layout-flex wp-container-core-columns-is-layout-9d6595d7 wp-block-columns-is-layout-flex\">\n<div class=\"wp-block-column ticss-4ce656f1 is-layout-flow wp-block-column-is-layout-flow\">\n<div style=\"height:24px\" aria-hidden=\"true\" class=\"wp-block-spacer\"><\/div>\n\n\n\n<p class=\"has-text-align-center has-nv-text-dark-bg-color has-text-color has-link-color wp-elements-1e82e0a3aa9e82df43e3c16e40c0233e\">\u201cUn travail effectu\u00e9 dans les r\u00e8gles de l&rsquo;art ! Je recommande vivement.\u201c<\/p>\n\n\n\n<p class=\"has-text-align-center has-nv-text-dark-bg-color has-text-color has-small-font-size\" style=\"text-transform:uppercase\">Anabelle B<\/p>\n\n\n\n<div style=\"height:20px\" aria-hidden=\"true\" class=\"wp-block-spacer\"><\/div>\n<\/div>\n\n\n\n<div class=\"wp-block-column ticss-f6fc7494 is-layout-flow wp-block-column-is-layout-flow\">\n<div style=\"height:24px\" aria-hidden=\"true\" class=\"wp-block-spacer\"><\/div>\n\n\n\n<p class=\"has-text-align-center has-nv-text-dark-bg-color has-text-color\">\u201cTr\u00e8s satisfait de cette soci\u00e9t\u00e9 de nettoyage. L\u2019\u00e9quipe est r\u00e9active, sympathique et le travail est toujours soign\u00e9. Les locaux sont nickel apr\u00e8s chaque passage. Je recommande !.\u201d<\/p>\n\n\n\n<p class=\"has-text-align-center has-nv-text-dark-bg-color has-text-color has-small-font-size\" style=\"text-transform:uppercase\">Basile D<\/p>\n<\/div>\n\n\n\n<div class=\"wp-block-column ticss-a5b4df29 is-layout-flow wp-block-column-is-layout-flow\">\n<div style=\"height:24px\" aria-hidden=\"true\" class=\"wp-block-spacer\"><\/div>\n\n\n\n<p class=\"has-text-align-center has-nv-text-dark-bg-color has-text-color\">\u201cService de nettoyage impeccable ! \u00c9quipe s\u00e9rieuse, ponctuelle et tr\u00e8s professionnelle. Je recommande sans h\u00e9siter..\u201d<\/p>\n\n\n\n<p class=\"has-text-align-center has-nv-text-dark-bg-color has-text-color has-small-font-size\" style=\"text-transform:uppercase\">Emeline R<\/p>\n\n\n\n<div style=\"height:20px\" aria-hidden=\"true\" class=\"wp-block-spacer\"><\/div>\n<\/div>\n<\/div>\n\n\n\n<div style=\"height:0px\" aria-hidden=\"true\" class=\"wp-block-spacer\"><\/div>\n<\/div><\/div>\n\n\n\n<div style=\"height:50px\" aria-hidden=\"true\" class=\"wp-block-spacer\"><\/div>\n\n\n\n<h2 class=\"wp-block-heading has-text-align-center has-neve-link-hover-color-color has-text-color has-link-color wp-elements-1ac634cfbed3dea2565e3902fd279e30\">Nous situer<\/h2>\n\n\n<div style=\"height:400pxpx;\" class=\"wp-block-themeisle-blocks-leaflet-map\" id=\"wp-block-themeisle-blocks-leaflet-map-92bb79a8\"><\/div>\n<script type=\"text\/javascript\">\n\t\/* <![CDATA[ *\/\n\t\tif ( ! window.themeisleLeafletMaps ) window.themeisleLeafletMaps =[];\n\t\twindow.themeisleLeafletMaps.push( { container: \"wp-block-themeisle-blocks-leaflet-map-92bb79a8\", attributes: {\"id\":\"wp-block-themeisle-blocks-leaflet-map-92bb79a8\",\"location\":\"22 rue hoche 83190 Ollioules\",\"latitude\":\"43.12504316740127\",\"longitude\":\"5.910644531250001\",\"bbox\":\"5.107269287109376,42.924251753870685,6.714019775390626,43.32517767999296\",\"zoom\":10,\"markers\":[{\"id\":\"57753936-3427-4148-a8f4-83f616ea7e54\",\"latitude\":43.1404024,\"longitude\":5.848107499999999,\"title\":\"AGM PROPRETE\",\"description\":\"\",\"location\":\"22 rue hoche 83190 Ollioules\"}],\"height\":\"400px\",\"zoomControl\":true,\"draggable\":true,\"hasCustomCSS\":false,\"customCSS\":\"\",\"otterConditions\":[]} } );\n\t\/* ]]> *\/\n<\/script>\n\n\n\n<div style=\"height:100px\" aria-hidden=\"true\" class=\"wp-block-spacer\"><\/div>\n","protected":false},"excerpt":{"rendered":"<p>Situ\u00e9e \u00e0 Ollioules dans le Var, AGM PROPRETE vous propose des services de nettoyage professionnels destin\u00e9s aussi bien aux entreprises qu&rsquo;aux particuliers. Notre mission est simple : vous offrir des espaces propres, sains et agr\u00e9ables \u00e0 vivre ou \u00e0 travailler, gr\u00e2ce \u00e0 des prestations fiables, efficaces et adapt\u00e9es \u00e0 vos besoins. Pourquoi nous choisir ?&hellip;&nbsp;<a href=\"https:\/\/agmproprete.com\/\" rel=\"bookmark\"><span class=\"screen-reader-text\">Accueil<\/span><\/a><\/p>\n","protected":false},"author":1,"featured_media":224,"parent":0,"menu_order":0,"comment_status":"closed","ping_status":"closed","template":"","meta":{"neve_meta_sidebar":"full-width","neve_meta_container":"","neve_meta_enable_content_width":"on","neve_meta_content_width":100,"neve_meta_title_alignment":"center","neve_meta_author_avatar":"","neve_post_elements_order":"","neve_meta_disable_header":"","neve_meta_disable_footer":"","neve_meta_disable_title":"off","_themeisle_gutenberg_block_has_review":false,"footnotes":""},"class_list":["post-7","page","type-page","status-publish","has-post-thumbnail","hentry"],"yoast_head":"<!-- This site is optimized with the Yoast SEO plugin v27.3 - https:\/\/yoast.com\/product\/yoast-seo-wordpress\/ -->\n<title>Accueil - AGM PROPRETE<\/title>\n<meta name=\"description\" content=\"Situ\u00e9e \u00e0 Ollioules, AGM PROPRETE propose des services de nettoyage professionnels destin\u00e9s aussi bien aux entreprises qu&#039;aux particuliers.\" \/>\n<meta name=\"robots\" content=\"index, follow, max-snippet:-1, max-image-preview:large, max-video-preview:-1\" \/>\n<link rel=\"canonical\" href=\"https:\/\/agmproprete.com\/\" \/>\n<meta property=\"og:locale\" content=\"fr_FR\" \/>\n<meta property=\"og:type\" content=\"article\" \/>\n<meta property=\"og:title\" content=\"Accueil - AGM PROPRETE\" \/>\n<meta property=\"og:description\" content=\"Situ\u00e9e \u00e0 Ollioules, AGM PROPRETE propose des services de nettoyage professionnels destin\u00e9s aussi bien aux entreprises qu&#039;aux particuliers.\" \/>\n<meta property=\"og:url\" content=\"https:\/\/agmproprete.com\/\" \/>\n<meta property=\"og:site_name\" content=\"AGM PROPRETE\" \/>\n<meta property=\"article:publisher\" content=\"https:\/\/www.facebook.com\/agmproprete\" \/>\n<meta property=\"article:modified_time\" content=\"2026-03-24T11:02:49+00:00\" \/>\n<meta property=\"og:image\" content=\"https:\/\/agmproprete.com\/wp-content\/uploads\/2026\/03\/home-6.png\" \/>\n\t<meta property=\"og:image:width\" content=\"1920\" \/>\n\t<meta property=\"og:image:height\" content=\"800\" \/>\n\t<meta property=\"og:image:type\" content=\"image\/png\" \/>\n<meta name=\"twitter:card\" content=\"summary_large_image\" \/>\n<meta name=\"twitter:label1\" content=\"Dur\u00e9e de lecture estim\u00e9e\" \/>\n\t<meta name=\"twitter:data1\" content=\"2 minutes\" \/>\n<script type=\"application\/ld+json\" class=\"yoast-schema-graph\">{\"@context\":\"https:\\\/\\\/schema.org\",\"@graph\":[{\"@type\":\"WebPage\",\"@id\":\"https:\\\/\\\/agmproprete.com\\\/\",\"url\":\"https:\\\/\\\/agmproprete.com\\\/\",\"name\":\"Accueil - AGM PROPRETE\",\"isPartOf\":{\"@id\":\"https:\\\/\\\/agmproprete.com\\\/#website\"},\"primaryImageOfPage\":{\"@id\":\"https:\\\/\\\/agmproprete.com\\\/#primaryimage\"},\"image\":{\"@id\":\"https:\\\/\\\/agmproprete.com\\\/#primaryimage\"},\"thumbnailUrl\":\"https:\\\/\\\/agmproprete.com\\\/wp-content\\\/uploads\\\/2026\\\/03\\\/home-6.png\",\"datePublished\":\"2026-02-18T13:52:01+00:00\",\"dateModified\":\"2026-03-24T11:02:49+00:00\",\"description\":\"Situ\u00e9e \u00e0 Ollioules, AGM PROPRETE propose des services de nettoyage professionnels destin\u00e9s aussi bien aux entreprises qu'aux particuliers.\",\"breadcrumb\":{\"@id\":\"https:\\\/\\\/agmproprete.com\\\/#breadcrumb\"},\"inLanguage\":\"fr-FR\",\"potentialAction\":[{\"@type\":\"ReadAction\",\"target\":[\"https:\\\/\\\/agmproprete.com\\\/\"]}]},{\"@type\":\"ImageObject\",\"inLanguage\":\"fr-FR\",\"@id\":\"https:\\\/\\\/agmproprete.com\\\/#primaryimage\",\"url\":\"https:\\\/\\\/agmproprete.com\\\/wp-content\\\/uploads\\\/2026\\\/03\\\/home-6.png\",\"contentUrl\":\"https:\\\/\\\/agmproprete.com\\\/wp-content\\\/uploads\\\/2026\\\/03\\\/home-6.png\",\"width\":1920,\"height\":800},{\"@type\":\"BreadcrumbList\",\"@id\":\"https:\\\/\\\/agmproprete.com\\\/#breadcrumb\",\"itemListElement\":[{\"@type\":\"ListItem\",\"position\":1,\"name\":\"Accueil\",\"item\":\"https:\\\/\\\/agmproprete.com\\\/\"},{\"@type\":\"ListItem\",\"position\":2,\"name\":\"Accueil\"}]},{\"@type\":\"WebSite\",\"@id\":\"https:\\\/\\\/agmproprete.com\\\/#website\",\"url\":\"https:\\\/\\\/agmproprete.com\\\/\",\"name\":\"AGM PROPRETE\",\"description\":\"\",\"publisher\":{\"@id\":\"https:\\\/\\\/agmproprete.com\\\/#organization\"},\"potentialAction\":[{\"@type\":\"SearchAction\",\"target\":{\"@type\":\"EntryPoint\",\"urlTemplate\":\"https:\\\/\\\/agmproprete.com\\\/?s={search_term_string}\"},\"query-input\":{\"@type\":\"PropertyValueSpecification\",\"valueRequired\":true,\"valueName\":\"search_term_string\"}}],\"inLanguage\":\"fr-FR\"},{\"@type\":\"Organization\",\"@id\":\"https:\\\/\\\/agmproprete.com\\\/#organization\",\"name\":\"AGM PROPRETE\",\"url\":\"https:\\\/\\\/agmproprete.com\\\/\",\"logo\":{\"@type\":\"ImageObject\",\"inLanguage\":\"fr-FR\",\"@id\":\"https:\\\/\\\/agmproprete.com\\\/#\\\/schema\\\/logo\\\/image\\\/\",\"url\":\"https:\\\/\\\/agmproprete.com\\\/wp-content\\\/uploads\\\/2026\\\/02\\\/cropped-LOGO.png\",\"contentUrl\":\"https:\\\/\\\/agmproprete.com\\\/wp-content\\\/uploads\\\/2026\\\/02\\\/cropped-LOGO.png\",\"width\":512,\"height\":512,\"caption\":\"AGM PROPRETE\"},\"image\":{\"@id\":\"https:\\\/\\\/agmproprete.com\\\/#\\\/schema\\\/logo\\\/image\\\/\"},\"sameAs\":[\"https:\\\/\\\/www.facebook.com\\\/agmproprete\",\"https:\\\/\\\/www.instagram.com\\\/agmproprete\\\/\",\"https:\\\/\\\/www.tiktok.com\\\/@agmproprete?_r=1&_t=ZN-94Y9GF3Uahz\"]}]}<\/script>\n<!-- \/ Yoast SEO plugin. -->","yoast_head_json":{"title":"Accueil - AGM PROPRETE","description":"Situ\u00e9e \u00e0 Ollioules, AGM PROPRETE propose des services de nettoyage professionnels destin\u00e9s aussi bien aux entreprises qu'aux particuliers.","robots":{"index":"index","follow":"follow","max-snippet":"max-snippet:-1","max-image-preview":"max-image-preview:large","max-video-preview":"max-video-preview:-1"},"canonical":"https:\/\/agmproprete.com\/","og_locale":"fr_FR","og_type":"article","og_title":"Accueil - AGM PROPRETE","og_description":"Situ\u00e9e \u00e0 Ollioules, AGM PROPRETE propose des services de nettoyage professionnels destin\u00e9s aussi bien aux entreprises qu'aux particuliers.","og_url":"https:\/\/agmproprete.com\/","og_site_name":"AGM PROPRETE","article_publisher":"https:\/\/www.facebook.com\/agmproprete","article_modified_time":"2026-03-24T11:02:49+00:00","og_image":[{"width":1920,"height":800,"url":"https:\/\/agmproprete.com\/wp-content\/uploads\/2026\/03\/home-6.png","type":"image\/png"}],"twitter_card":"summary_large_image","twitter_misc":{"Dur\u00e9e de lecture estim\u00e9e":"2 minutes"},"schema":{"@context":"https:\/\/schema.org","@graph":[{"@type":"WebPage","@id":"https:\/\/agmproprete.com\/","url":"https:\/\/agmproprete.com\/","name":"Accueil - AGM PROPRETE","isPartOf":{"@id":"https:\/\/agmproprete.com\/#website"},"primaryImageOfPage":{"@id":"https:\/\/agmproprete.com\/#primaryimage"},"image":{"@id":"https:\/\/agmproprete.com\/#primaryimage"},"thumbnailUrl":"https:\/\/agmproprete.com\/wp-content\/uploads\/2026\/03\/home-6.png","datePublished":"2026-02-18T13:52:01+00:00","dateModified":"2026-03-24T11:02:49+00:00","description":"Situ\u00e9e \u00e0 Ollioules, AGM PROPRETE propose des services de nettoyage professionnels destin\u00e9s aussi bien aux entreprises qu'aux particuliers.","breadcrumb":{"@id":"https:\/\/agmproprete.com\/#breadcrumb"},"inLanguage":"fr-FR","potentialAction":[{"@type":"ReadAction","target":["https:\/\/agmproprete.com\/"]}]},{"@type":"ImageObject","inLanguage":"fr-FR","@id":"https:\/\/agmproprete.com\/#primaryimage","url":"https:\/\/agmproprete.com\/wp-content\/uploads\/2026\/03\/home-6.png","contentUrl":"https:\/\/agmproprete.com\/wp-content\/uploads\/2026\/03\/home-6.png","width":1920,"height":800},{"@type":"BreadcrumbList","@id":"https:\/\/agmproprete.com\/#breadcrumb","itemListElement":[{"@type":"ListItem","position":1,"name":"Accueil","item":"https:\/\/agmproprete.com\/"},{"@type":"ListItem","position":2,"name":"Accueil"}]},{"@type":"WebSite","@id":"https:\/\/agmproprete.com\/#website","url":"https:\/\/agmproprete.com\/","name":"AGM PROPRETE","description":"","publisher":{"@id":"https:\/\/agmproprete.com\/#organization"},"potentialAction":[{"@type":"SearchAction","target":{"@type":"EntryPoint","urlTemplate":"https:\/\/agmproprete.com\/?s={search_term_string}"},"query-input":{"@type":"PropertyValueSpecification","valueRequired":true,"valueName":"search_term_string"}}],"inLanguage":"fr-FR"},{"@type":"Organization","@id":"https:\/\/agmproprete.com\/#organization","name":"AGM PROPRETE","url":"https:\/\/agmproprete.com\/","logo":{"@type":"ImageObject","inLanguage":"fr-FR","@id":"https:\/\/agmproprete.com\/#\/schema\/logo\/image\/","url":"https:\/\/agmproprete.com\/wp-content\/uploads\/2026\/02\/cropped-LOGO.png","contentUrl":"https:\/\/agmproprete.com\/wp-content\/uploads\/2026\/02\/cropped-LOGO.png","width":512,"height":512,"caption":"AGM PROPRETE"},"image":{"@id":"https:\/\/agmproprete.com\/#\/schema\/logo\/image\/"},"sameAs":["https:\/\/www.facebook.com\/agmproprete","https:\/\/www.instagram.com\/agmproprete\/","https:\/\/www.tiktok.com\/@agmproprete?_r=1&_t=ZN-94Y9GF3Uahz"]}]}},"_links":{"self":[{"href":"https:\/\/agmproprete.com\/index.php\/wp-json\/wp\/v2\/pages\/7","targetHints":{"allow":["GET"]}}],"collection":[{"href":"https:\/\/agmproprete.com\/index.php\/wp-json\/wp\/v2\/pages"}],"about":[{"href":"https:\/\/agmproprete.com\/index.php\/wp-json\/wp\/v2\/types\/page"}],"author":[{"embeddable":true,"href":"https:\/\/agmproprete.com\/index.php\/wp-json\/wp\/v2\/users\/1"}],"replies":[{"embeddable":true,"href":"https:\/\/agmproprete.com\/index.php\/wp-json\/wp\/v2\/comments?post=7"}],"version-history":[{"count":37,"href":"https:\/\/agmproprete.com\/index.php\/wp-json\/wp\/v2\/pages\/7\/revisions"}],"predecessor-version":[{"id":390,"href":"https:\/\/agmproprete.com\/index.php\/wp-json\/wp\/v2\/pages\/7\/revisions\/390"}],"wp:featuredmedia":[{"embeddable":true,"href":"https:\/\/agmproprete.com\/index.php\/wp-json\/wp\/v2\/media\/224"}],"wp:attachment":[{"href":"https:\/\/agmproprete.com\/index.php\/wp-json\/wp\/v2\/media?parent=7"}],"curies":[{"name":"wp","href":"https:\/\/api.w.org\/{rel}","templated":true}]}}