{"id":9,"date":"2026-02-18T13:52:01","date_gmt":"2026-02-18T13:52:01","guid":{"rendered":"https:\/\/agmproprete.com\/?page_id=9"},"modified":"2026-03-10T13:02:34","modified_gmt":"2026-03-10T13:02:34","slug":"contact","status":"publish","type":"page","link":"https:\/\/agmproprete.com\/index.php\/contact\/","title":{"rendered":"Contact"},"content":{"rendered":"\n<div class=\"wp-block-cover alignfull\" style=\"padding-right:0;padding-left:0;min-height:300px;aspect-ratio:unset;\"><span aria-hidden=\"true\" class=\"wp-block-cover__background has-nv-site-bg-background-color has-background-dim-100 has-background-dim\"><\/span><div class=\"wp-block-cover__inner-container is-layout-flow wp-block-cover-is-layout-flow\">\n<p class=\"has-text-align-center has-neve-link-hover-color-color has-text-color has-link-color has-medium-font-size wp-elements-976200239f842ce056b0f08e5373e61f\">Une question sur nos prestations ? <\/p>\n\n\n\n<p class=\"has-text-align-center has-neve-link-hover-color-color has-text-color has-link-color has-medium-font-size wp-elements-5766ab1e6c6ca2f3223865ae2f3346ae\">N&rsquo;h\u00e9sitez pas \u00e0 nous contacter \u00e0 travers le formulaire ci-dessous, nous ne manquerons pas de revenir vers vous dans les meilleurs d\u00e9lais !<\/p>\n<\/div><\/div>\n\n\n\n<div class=\"wp-block-cover alignfull\" style=\"min-height:420px;aspect-ratio:unset;\"><span aria-hidden=\"true\" class=\"wp-block-cover__background has-neve-link-hover-color-background-color has-background-dim-100 has-background-dim\"><\/span><div class=\"wp-block-cover__inner-container is-layout-flow wp-block-cover-is-layout-flow\">\n<div style=\"height:30px\" aria-hidden=\"true\" class=\"wp-block-spacer\"><\/div>\n\n\n\n<div class=\"wp-block-contact-form-7-contact-form-selector\">\n<div class=\"wpcf7 no-js\" id=\"wpcf7-f122-o1\" lang=\"fr-FR\" dir=\"ltr\" data-wpcf7-id=\"122\">\n<div class=\"screen-reader-response\"><p role=\"status\" aria-live=\"polite\" aria-atomic=\"true\"><\/p> <ul><\/ul><\/div>\n<form action=\"\/index.php\/wp-json\/wp\/v2\/pages\/9#wpcf7-f122-o1\" method=\"post\" class=\"wpcf7-form init\" aria-label=\"Formulaire de contact\" novalidate=\"novalidate\" data-status=\"init\">\n<fieldset class=\"hidden-fields-container\"><input type=\"hidden\" name=\"_wpcf7\" value=\"122\" \/><input type=\"hidden\" name=\"_wpcf7_version\" value=\"6.1.5\" \/><input type=\"hidden\" name=\"_wpcf7_locale\" value=\"fr_FR\" \/><input type=\"hidden\" name=\"_wpcf7_unit_tag\" value=\"wpcf7-f122-o1\" \/><input type=\"hidden\" name=\"_wpcf7_container_post\" value=\"0\" \/><input type=\"hidden\" name=\"_wpcf7_posted_data_hash\" value=\"\" \/>\n<\/fieldset>\n<p><label> Votre nom<br \/>\n<span class=\"wpcf7-form-control-wrap\" data-name=\"your-name\"><input size=\"40\" maxlength=\"400\" class=\"wpcf7-form-control wpcf7-text wpcf7-validates-as-required\" autocomplete=\"name\" aria-required=\"true\" aria-invalid=\"false\" value=\"\" type=\"text\" name=\"your-name\" \/><\/span> <\/label>\n<\/p>\n<p><label> Votre e-mail<br \/>\n<span class=\"wpcf7-form-control-wrap\" data-name=\"your-email\"><input size=\"40\" maxlength=\"400\" class=\"wpcf7-form-control wpcf7-email wpcf7-validates-as-required wpcf7-text wpcf7-validates-as-email\" autocomplete=\"email\" aria-required=\"true\" aria-invalid=\"false\" value=\"\" type=\"email\" name=\"your-email\" \/><\/span> <\/label>\n<\/p>\n<p><label> Votre t\u00e9l\u00e9phone<br \/>\n<span class=\"wpcf7-form-control-wrap\" data-name=\"tel-233\"><input size=\"40\" maxlength=\"400\" class=\"wpcf7-form-control wpcf7-tel wpcf7-text wpcf7-validates-as-tel\" aria-invalid=\"false\" value=\"\" type=\"tel\" name=\"tel-233\" \/><\/span><\/label>\n<\/p>\n<p><span class=\"wpcf7-form-control-wrap\" data-name=\"checkbox-82\"><span class=\"wpcf7-form-control wpcf7-checkbox\"><span class=\"wpcf7-list-item first\"><label><input type=\"checkbox\" name=\"checkbox-82[]\" value=\"Particulier\" \/><span class=\"wpcf7-list-item-label\">Particulier<\/span><\/label><\/span><span class=\"wpcf7-list-item last\"><label><input type=\"checkbox\" name=\"checkbox-82[]\" value=\"Entreprise\" \/><span class=\"wpcf7-list-item-label\">Entreprise<\/span><\/label><\/span><\/span><\/span>\n<\/p>\n<p><label> Objet<br \/>\n<span class=\"wpcf7-form-control-wrap\" data-name=\"your-subject\"><input size=\"40\" maxlength=\"400\" class=\"wpcf7-form-control wpcf7-text wpcf7-validates-as-required\" aria-required=\"true\" aria-invalid=\"false\" value=\"\" type=\"text\" name=\"your-subject\" \/><\/span> <\/label>\n<\/p>\n<p><label> Votre message<br \/>\n<span class=\"wpcf7-form-control-wrap\" data-name=\"your-message\"><textarea cols=\"40\" rows=\"10\" maxlength=\"2000\" class=\"wpcf7-form-control wpcf7-textarea\" aria-invalid=\"false\" name=\"your-message\"><\/textarea><\/span> <\/label>\n<\/p>\n<p><label><br \/>\n<span class=\"wpcf7-form-control-wrap\" data-name=\"checkbox-501\"><span class=\"wpcf7-form-control wpcf7-checkbox wpcf7-validates-as-required\"><span class=\"wpcf7-list-item first last\"><input type=\"checkbox\" name=\"checkbox-501[]\" value=\"En validant ce formulaire, j&#039;autorise AGM PROPRETE \u00e0 conserver et utiliser mes donn\u00e9es personnelles pour me recontacter.\" \/><span class=\"wpcf7-list-item-label\">En validant ce formulaire, j&#039;autorise AGM PROPRETE \u00e0 conserver et utiliser mes donn\u00e9es personnelles pour me recontacter.<\/span><\/span><\/span><\/span><br \/>\n<input class=\"wpcf7-form-control wpcf7-submit has-spinner\" type=\"submit\" value=\"Envoyer\" \/><\/label>\n<\/p><div class=\"wpcf7-response-output\" aria-hidden=\"true\"><\/div>\n<\/form>\n<\/div>\n<\/div>\n<\/div><\/div>\n\n\n\n<div style=\"height:100px\" aria-hidden=\"true\" class=\"wp-block-spacer\"><\/div>\n\n\n\n<div class=\"wp-block-cover alignfull\" style=\"min-height:420px;aspect-ratio:unset;\"><span aria-hidden=\"true\" class=\"wp-block-cover__background has-neve-link-hover-color-background-color has-background-dim-100 has-background-dim\"><\/span><div class=\"wp-block-cover__inner-container is-layout-flow wp-block-cover-is-layout-flow\">\n<h3 class=\"wp-block-heading has-text-align-center has-nv-site-bg-color has-text-color has-link-color wp-elements-f015bfc53c93a1269862b1b9cbe3fd84\">&#8230;&#8230;.mais vous pouvez aussi nous appeler directement !<\/h3>\n\n\n\n<div style=\"height:33px\" aria-hidden=\"true\" class=\"wp-block-spacer\"><\/div>\n\n\n\n<div class=\"wp-block-columns is-layout-flex wp-container-core-columns-is-layout-9d6595d7 wp-block-columns-is-layout-flex\">\n<div class=\"wp-block-column ticss-4ce656f1 is-layout-flow wp-block-column-is-layout-flow\" style=\"padding-right:var(--wp--preset--spacing--30);padding-left:var(--wp--preset--spacing--30)\">\n<div class=\"wp-block-group has-nv-site-bg-background-color has-background\" style=\"border-radius:24px\"><div class=\"wp-block-group__inner-container is-layout-flow wp-block-group-is-layout-flow\">\n<div style=\"height:24px\" aria-hidden=\"true\" class=\"wp-block-spacer\"><\/div>\n\n\n<div class=\"wp-block-image icon-style is-style-rounded\">\n<figure class=\"aligncenter size-full\"><img decoding=\"async\" src=\"https:\/\/agmproprete.com\/wp-content\/themes\/neve\/assets\/img\/starter-content\/neve-marketing-icon-7.png\" alt=\"\"\/><\/figure>\n<\/div>\n\n\n<div style=\"height:24px\" aria-hidden=\"true\" class=\"wp-block-spacer\"><\/div>\n\n\n\n<h3 class=\"wp-block-heading has-text-align-center has-neve-link-hover-color-color has-text-color\">Nous contacter<\/h3>\n\n\n\n<p class=\"has-text-align-center has-neve-link-hover-color-color has-text-color\" style=\"font-size:15px\">06 50 64 66 20<\/p>\n\n\n\n<div style=\"height:24px\" aria-hidden=\"true\" class=\"wp-block-spacer\"><\/div>\n<\/div><\/div>\n<\/div>\n\n\n\n<div class=\"wp-block-column ticss-f6fc7494 is-layout-flow wp-block-column-is-layout-flow\" style=\"padding-right:var(--wp--preset--spacing--30);padding-left:var(--wp--preset--spacing--30)\">\n<div class=\"wp-block-group has-nv-site-bg-background-color has-background\" style=\"border-radius:24px\"><div class=\"wp-block-group__inner-container is-layout-flow wp-block-group-is-layout-flow\">\n<div style=\"height:24px\" aria-hidden=\"true\" class=\"wp-block-spacer\"><\/div>\n\n\n<div class=\"wp-block-image icon-style is-style-default\">\n<figure class=\"aligncenter size-full\"><img decoding=\"async\" src=\"https:\/\/agmproprete.com\/wp-content\/themes\/neve\/assets\/img\/starter-content\/neve-marketing-icon-5.png\" alt=\"\"\/><\/figure>\n<\/div>\n\n\n<div style=\"height:24px\" aria-hidden=\"true\" class=\"wp-block-spacer\"><\/div>\n\n\n\n<h3 class=\"wp-block-heading has-text-align-center has-neve-link-hover-color-color has-text-color\">Email<\/h3>\n\n\n\n<p class=\"has-text-align-center has-neve-text-color-color has-text-color\" style=\"font-size:15px\"><a href=\"mailto:agmproprete@gmail.com\">agmproprete@gmail.com<\/a><\/p>\n\n\n\n<div style=\"height:24px\" aria-hidden=\"true\" class=\"wp-block-spacer\"><\/div>\n<\/div><\/div>\n<\/div>\n\n\n\n<div class=\"wp-block-column ticss-a5b4df29 is-layout-flow wp-block-column-is-layout-flow\" style=\"padding-right:var(--wp--preset--spacing--30);padding-left:var(--wp--preset--spacing--30)\">\n<div class=\"wp-block-group has-nv-site-bg-background-color has-background\" style=\"border-radius:24px\"><div class=\"wp-block-group__inner-container is-layout-flow wp-block-group-is-layout-flow\">\n<div style=\"height:24px\" aria-hidden=\"true\" class=\"wp-block-spacer\"><\/div>\n\n\n<div class=\"wp-block-image icon-style is-style-default\">\n<figure class=\"aligncenter size-full\"><img decoding=\"async\" src=\"https:\/\/agmproprete.com\/wp-content\/themes\/neve\/assets\/img\/starter-content\/neve-marketing-icon-6.png\" alt=\"\"\/><\/figure>\n<\/div>\n\n\n<div style=\"height:24px\" aria-hidden=\"true\" class=\"wp-block-spacer\"><\/div>\n\n\n\n<h3 class=\"wp-block-heading has-text-align-center has-neve-link-hover-color-color has-text-color\">Locaux<\/h3>\n\n\n\n<p class=\"has-text-align-center has-neve-link-hover-color-color has-text-color\" style=\"font-size:15px\">22 rue Hoche 83190 Ollioules<\/p>\n\n\n\n<div style=\"height:24px\" aria-hidden=\"true\" class=\"wp-block-spacer\"><\/div>\n<\/div><\/div>\n<\/div>\n<\/div>\n<\/div><\/div>\n\n\n\n<div style=\"height:50px\" aria-hidden=\"true\" class=\"wp-block-spacer\"><\/div>\n\n\n\n<h3 class=\"wp-block-heading has-text-align-center has-neve-link-hover-color-color has-text-color has-link-color wp-elements-160650ee8f6208e50525426a81bc730e\">O\u00f9 nous trouver &#8230;<\/h3>\n\n\n\n<div style=\"height:50px\" aria-hidden=\"true\" class=\"wp-block-spacer\"><\/div>\n\n\n<div style=\"height:400pxpx;\" class=\"wp-block-themeisle-blocks-leaflet-map\" id=\"wp-block-themeisle-blocks-leaflet-map-a754a743\"><\/div>\n<script type=\"text\/javascript\">\n\t\/* <![CDATA[ *\/\n\t\tif ( ! window.themeisleLeafletMaps ) window.themeisleLeafletMaps =[];\n\t\twindow.themeisleLeafletMaps.push( { container: \"wp-block-themeisle-blocks-leaflet-map-a754a743\", attributes: {\"id\":\"wp-block-themeisle-blocks-leaflet-map-a754a743\",\"location\":\"22 Rue Hoche 83190 Ollioules\",\"latitude\":\"43.1404024\",\"longitude\":\"5.848107499999999\",\"bbox\":\"5.841829776763917,43.13883910474208,5.854382514953613,43.14197055266208\",\"zoom\":17,\"markers\":[{\"id\":\"fec65a6c-f0b2-49e7-943b-c0249ec2284b\",\"latitude\":43.1404024,\"longitude\":5.848107499999999,\"title\":\"AGM PROPRETE\",\"description\":\"\"}],\"height\":\"400px\",\"zoomControl\":true,\"draggable\":true,\"hasCustomCSS\":false,\"customCSS\":\"\",\"otterConditions\":[]} } );\n\t\/* ]]> *\/\n<\/script>\n\n\n\n<div style=\"height:50px\" aria-hidden=\"true\" class=\"wp-block-spacer\"><\/div>\n","protected":false},"excerpt":{"rendered":"<p>O\u00f9 nous trouver &#8230;<\/p>\n","protected":false},"author":1,"featured_media":225,"parent":0,"menu_order":0,"comment_status":"closed","ping_status":"closed","template":"","meta":{"neve_meta_sidebar":"default","neve_meta_container":"","neve_meta_enable_content_width":"on","neve_meta_content_width":100,"neve_meta_title_alignment":"","neve_meta_author_avatar":"","neve_post_elements_order":"","neve_meta_disable_header":"","neve_meta_disable_footer":"","neve_meta_disable_title":"off","_themeisle_gutenberg_block_has_review":false,"footnotes":""},"class_list":["post-9","page","type-page","status-publish","has-post-thumbnail","hentry"],"yoast_head":"<!-- This site is optimized with the Yoast SEO plugin v27.3 - https:\/\/yoast.com\/product\/yoast-seo-wordpress\/ -->\n<title>Contact - AGM PROPRETE<\/title>\n<meta name=\"robots\" content=\"index, follow, max-snippet:-1, max-image-preview:large, max-video-preview:-1\" \/>\n<link rel=\"canonical\" href=\"https:\/\/agmproprete.com\/index.php\/contact\/\" \/>\n<meta property=\"og:locale\" content=\"fr_FR\" \/>\n<meta property=\"og:type\" content=\"article\" \/>\n<meta property=\"og:title\" content=\"Contact - AGM PROPRETE\" \/>\n<meta property=\"og:description\" content=\"O\u00f9 nous trouver &#8230;\" \/>\n<meta property=\"og:url\" content=\"https:\/\/agmproprete.com\/index.php\/contact\/\" \/>\n<meta property=\"og:site_name\" content=\"AGM PROPRETE\" \/>\n<meta property=\"article:publisher\" content=\"https:\/\/www.facebook.com\/agmproprete\" \/>\n<meta property=\"article:modified_time\" content=\"2026-03-10T13:02:34+00:00\" \/>\n<meta property=\"og:image\" content=\"https:\/\/agmproprete.com\/wp-content\/uploads\/2026\/03\/contact.png\" \/>\n\t<meta property=\"og:image:width\" content=\"1920\" \/>\n\t<meta property=\"og:image:height\" content=\"800\" \/>\n\t<meta property=\"og:image:type\" content=\"image\/png\" \/>\n<meta name=\"twitter:card\" content=\"summary_large_image\" \/>\n<script type=\"application\/ld+json\" class=\"yoast-schema-graph\">{\"@context\":\"https:\\\/\\\/schema.org\",\"@graph\":[{\"@type\":\"WebPage\",\"@id\":\"https:\\\/\\\/agmproprete.com\\\/index.php\\\/contact\\\/\",\"url\":\"https:\\\/\\\/agmproprete.com\\\/index.php\\\/contact\\\/\",\"name\":\"Contact - AGM PROPRETE\",\"isPartOf\":{\"@id\":\"https:\\\/\\\/agmproprete.com\\\/#website\"},\"primaryImageOfPage\":{\"@id\":\"https:\\\/\\\/agmproprete.com\\\/index.php\\\/contact\\\/#primaryimage\"},\"image\":{\"@id\":\"https:\\\/\\\/agmproprete.com\\\/index.php\\\/contact\\\/#primaryimage\"},\"thumbnailUrl\":\"https:\\\/\\\/agmproprete.com\\\/wp-content\\\/uploads\\\/2026\\\/03\\\/contact.png\",\"datePublished\":\"2026-02-18T13:52:01+00:00\",\"dateModified\":\"2026-03-10T13:02:34+00:00\",\"breadcrumb\":{\"@id\":\"https:\\\/\\\/agmproprete.com\\\/index.php\\\/contact\\\/#breadcrumb\"},\"inLanguage\":\"fr-FR\",\"potentialAction\":[{\"@type\":\"ReadAction\",\"target\":[\"https:\\\/\\\/agmproprete.com\\\/index.php\\\/contact\\\/\"]}]},{\"@type\":\"ImageObject\",\"inLanguage\":\"fr-FR\",\"@id\":\"https:\\\/\\\/agmproprete.com\\\/index.php\\\/contact\\\/#primaryimage\",\"url\":\"https:\\\/\\\/agmproprete.com\\\/wp-content\\\/uploads\\\/2026\\\/03\\\/contact.png\",\"contentUrl\":\"https:\\\/\\\/agmproprete.com\\\/wp-content\\\/uploads\\\/2026\\\/03\\\/contact.png\",\"width\":1920,\"height\":800,\"caption\":\"contact AGM PROPRETE\"},{\"@type\":\"BreadcrumbList\",\"@id\":\"https:\\\/\\\/agmproprete.com\\\/index.php\\\/contact\\\/#breadcrumb\",\"itemListElement\":[{\"@type\":\"ListItem\",\"position\":1,\"name\":\"Accueil\",\"item\":\"https:\\\/\\\/agmproprete.com\\\/\"},{\"@type\":\"ListItem\",\"position\":2,\"name\":\"Contact\"}]},{\"@type\":\"WebSite\",\"@id\":\"https:\\\/\\\/agmproprete.com\\\/#website\",\"url\":\"https:\\\/\\\/agmproprete.com\\\/\",\"name\":\"AGM PROPRETE\",\"description\":\"\",\"publisher\":{\"@id\":\"https:\\\/\\\/agmproprete.com\\\/#organization\"},\"potentialAction\":[{\"@type\":\"SearchAction\",\"target\":{\"@type\":\"EntryPoint\",\"urlTemplate\":\"https:\\\/\\\/agmproprete.com\\\/?s={search_term_string}\"},\"query-input\":{\"@type\":\"PropertyValueSpecification\",\"valueRequired\":true,\"valueName\":\"search_term_string\"}}],\"inLanguage\":\"fr-FR\"},{\"@type\":\"Organization\",\"@id\":\"https:\\\/\\\/agmproprete.com\\\/#organization\",\"name\":\"AGM PROPRETE\",\"url\":\"https:\\\/\\\/agmproprete.com\\\/\",\"logo\":{\"@type\":\"ImageObject\",\"inLanguage\":\"fr-FR\",\"@id\":\"https:\\\/\\\/agmproprete.com\\\/#\\\/schema\\\/logo\\\/image\\\/\",\"url\":\"https:\\\/\\\/agmproprete.com\\\/wp-content\\\/uploads\\\/2026\\\/02\\\/cropped-LOGO.png\",\"contentUrl\":\"https:\\\/\\\/agmproprete.com\\\/wp-content\\\/uploads\\\/2026\\\/02\\\/cropped-LOGO.png\",\"width\":512,\"height\":512,\"caption\":\"AGM PROPRETE\"},\"image\":{\"@id\":\"https:\\\/\\\/agmproprete.com\\\/#\\\/schema\\\/logo\\\/image\\\/\"},\"sameAs\":[\"https:\\\/\\\/www.facebook.com\\\/agmproprete\",\"https:\\\/\\\/www.instagram.com\\\/agmproprete\\\/\",\"https:\\\/\\\/www.tiktok.com\\\/@agmproprete?_r=1&_t=ZN-94Y9GF3Uahz\"]}]}<\/script>\n<!-- \/ Yoast SEO plugin. -->","yoast_head_json":{"title":"Contact - AGM PROPRETE","robots":{"index":"index","follow":"follow","max-snippet":"max-snippet:-1","max-image-preview":"max-image-preview:large","max-video-preview":"max-video-preview:-1"},"canonical":"https:\/\/agmproprete.com\/index.php\/contact\/","og_locale":"fr_FR","og_type":"article","og_title":"Contact - AGM PROPRETE","og_description":"O\u00f9 nous trouver &#8230;","og_url":"https:\/\/agmproprete.com\/index.php\/contact\/","og_site_name":"AGM PROPRETE","article_publisher":"https:\/\/www.facebook.com\/agmproprete","article_modified_time":"2026-03-10T13:02:34+00:00","og_image":[{"width":1920,"height":800,"url":"https:\/\/agmproprete.com\/wp-content\/uploads\/2026\/03\/contact.png","type":"image\/png"}],"twitter_card":"summary_large_image","schema":{"@context":"https:\/\/schema.org","@graph":[{"@type":"WebPage","@id":"https:\/\/agmproprete.com\/index.php\/contact\/","url":"https:\/\/agmproprete.com\/index.php\/contact\/","name":"Contact - AGM PROPRETE","isPartOf":{"@id":"https:\/\/agmproprete.com\/#website"},"primaryImageOfPage":{"@id":"https:\/\/agmproprete.com\/index.php\/contact\/#primaryimage"},"image":{"@id":"https:\/\/agmproprete.com\/index.php\/contact\/#primaryimage"},"thumbnailUrl":"https:\/\/agmproprete.com\/wp-content\/uploads\/2026\/03\/contact.png","datePublished":"2026-02-18T13:52:01+00:00","dateModified":"2026-03-10T13:02:34+00:00","breadcrumb":{"@id":"https:\/\/agmproprete.com\/index.php\/contact\/#breadcrumb"},"inLanguage":"fr-FR","potentialAction":[{"@type":"ReadAction","target":["https:\/\/agmproprete.com\/index.php\/contact\/"]}]},{"@type":"ImageObject","inLanguage":"fr-FR","@id":"https:\/\/agmproprete.com\/index.php\/contact\/#primaryimage","url":"https:\/\/agmproprete.com\/wp-content\/uploads\/2026\/03\/contact.png","contentUrl":"https:\/\/agmproprete.com\/wp-content\/uploads\/2026\/03\/contact.png","width":1920,"height":800,"caption":"contact AGM PROPRETE"},{"@type":"BreadcrumbList","@id":"https:\/\/agmproprete.com\/index.php\/contact\/#breadcrumb","itemListElement":[{"@type":"ListItem","position":1,"name":"Accueil","item":"https:\/\/agmproprete.com\/"},{"@type":"ListItem","position":2,"name":"Contact"}]},{"@type":"WebSite","@id":"https:\/\/agmproprete.com\/#website","url":"https:\/\/agmproprete.com\/","name":"AGM PROPRETE","description":"","publisher":{"@id":"https:\/\/agmproprete.com\/#organization"},"potentialAction":[{"@type":"SearchAction","target":{"@type":"EntryPoint","urlTemplate":"https:\/\/agmproprete.com\/?s={search_term_string}"},"query-input":{"@type":"PropertyValueSpecification","valueRequired":true,"valueName":"search_term_string"}}],"inLanguage":"fr-FR"},{"@type":"Organization","@id":"https:\/\/agmproprete.com\/#organization","name":"AGM PROPRETE","url":"https:\/\/agmproprete.com\/","logo":{"@type":"ImageObject","inLanguage":"fr-FR","@id":"https:\/\/agmproprete.com\/#\/schema\/logo\/image\/","url":"https:\/\/agmproprete.com\/wp-content\/uploads\/2026\/02\/cropped-LOGO.png","contentUrl":"https:\/\/agmproprete.com\/wp-content\/uploads\/2026\/02\/cropped-LOGO.png","width":512,"height":512,"caption":"AGM PROPRETE"},"image":{"@id":"https:\/\/agmproprete.com\/#\/schema\/logo\/image\/"},"sameAs":["https:\/\/www.facebook.com\/agmproprete","https:\/\/www.instagram.com\/agmproprete\/","https:\/\/www.tiktok.com\/@agmproprete?_r=1&_t=ZN-94Y9GF3Uahz"]}]}},"_links":{"self":[{"href":"https:\/\/agmproprete.com\/index.php\/wp-json\/wp\/v2\/pages\/9","targetHints":{"allow":["GET"]}}],"collection":[{"href":"https:\/\/agmproprete.com\/index.php\/wp-json\/wp\/v2\/pages"}],"about":[{"href":"https:\/\/agmproprete.com\/index.php\/wp-json\/wp\/v2\/types\/page"}],"author":[{"embeddable":true,"href":"https:\/\/agmproprete.com\/index.php\/wp-json\/wp\/v2\/users\/1"}],"replies":[{"embeddable":true,"href":"https:\/\/agmproprete.com\/index.php\/wp-json\/wp\/v2\/comments?post=9"}],"version-history":[{"count":15,"href":"https:\/\/agmproprete.com\/index.php\/wp-json\/wp\/v2\/pages\/9\/revisions"}],"predecessor-version":[{"id":209,"href":"https:\/\/agmproprete.com\/index.php\/wp-json\/wp\/v2\/pages\/9\/revisions\/209"}],"wp:featuredmedia":[{"embeddable":true,"href":"https:\/\/agmproprete.com\/index.php\/wp-json\/wp\/v2\/media\/225"}],"wp:attachment":[{"href":"https:\/\/agmproprete.com\/index.php\/wp-json\/wp\/v2\/media?parent=9"}],"curies":[{"name":"wp","href":"https:\/\/api.w.org\/{rel}","templated":true}]}}